{"id":18,"date":"2025-05-20T07:42:06","date_gmt":"2025-05-20T07:42:06","guid":{"rendered":"https:\/\/gracious-poitras.185-118-57-171.plesk.page\/?page_id=18"},"modified":"2025-06-16T08:53:51","modified_gmt":"2025-06-16T08:53:51","slug":"contacto","status":"publish","type":"page","link":"https:\/\/gonzalezllanoabogados.es\/index.php\/contacto\/","title":{"rendered":"Contacto"},"content":{"rendered":"\t\t<div data-elementor-type=\"wp-page\" data-elementor-id=\"18\" class=\"elementor elementor-18\" data-elementor-post-type=\"page\">\n\t\t\t\t\t\t<section class=\"elementor-section elementor-top-section elementor-element elementor-element-191cc2e5 elementor-section-height-min-height elementor-section-boxed elementor-section-height-default elementor-section-items-middle\" data-id=\"191cc2e5\" data-element_type=\"section\" data-e-type=\"section\" data-settings=\"{&quot;background_background&quot;:&quot;classic&quot;}\">\n\t\t\t\t\t\t\t<div class=\"elementor-background-overlay\"><\/div>\n\t\t\t\t\t\t\t<div class=\"elementor-container elementor-column-gap-no\">\n\t\t\t\t\t<div class=\"elementor-column elementor-col-100 elementor-top-column elementor-element elementor-element-5a8358fc\" data-id=\"5a8358fc\" data-element_type=\"column\" data-e-type=\"column\" data-settings=\"{&quot;background_background&quot;:&quot;classic&quot;}\">\n\t\t\t<div class=\"elementor-widget-wrap elementor-element-populated\">\n\t\t\t\t\t\t<div class=\"elementor-element elementor-element-23e49a3 elementor-invisible elementor-widget elementor-widget-heading\" data-id=\"23e49a3\" data-element_type=\"widget\" data-e-type=\"widget\" data-settings=\"{&quot;_animation&quot;:&quot;fadeInDown&quot;}\" data-widget_type=\"heading.default\">\n\t\t\t\t<div class=\"elementor-widget-container\">\n\t\t\t\t\t<h1 class=\"elementor-heading-title elementor-size-default\">Contacto<\/h1>\t\t\t\t<\/div>\n\t\t\t\t<\/div>\n\t\t\t\t<div class=\"elementor-element elementor-element-65429ca1 elementor-invisible elementor-widget elementor-widget-text-editor\" data-id=\"65429ca1\" data-element_type=\"widget\" data-e-type=\"widget\" data-settings=\"{&quot;_animation&quot;:&quot;fadeIn&quot;,&quot;_animation_delay&quot;:600}\" data-widget_type=\"text-editor.default\">\n\t\t\t\t<div class=\"elementor-widget-container\">\n\t\t\t\t\t\t\t\t\t<p>No dudes en ponerte en contacto con nosotros para cualquier duda o conflicto legal.\u00a0<\/p>\t\t\t\t\t\t\t\t<\/div>\n\t\t\t\t<\/div>\n\t\t\t\t<div class=\"elementor-element elementor-element-6c5d4953 premium-mouse-detect-yes elementor-hidden-tablet premium-lq__none elementor-invisible elementor-widget elementor-widget-premium-addon-button\" data-id=\"6c5d4953\" data-element_type=\"widget\" data-e-type=\"widget\" data-settings=\"{&quot;_animation&quot;:&quot;fadeInUp&quot;,&quot;_animation_delay&quot;:1200}\" data-widget_type=\"premium-addon-button.default\">\n\t\t\t\t<div class=\"elementor-widget-container\">\n\t\t\t\t\t\n\n\t\t<a class=\"premium-button premium-button-style6 premium-btn-lg premium-button-style6\" href=\"https:\/\/gonzalezllanoabogados.es\/\">\n\t\t\t<div class=\"premium-button-text-icon-wrapper\">\n\t\t\t\t\n\t\t\t\t\t\t\t\t\t<span >\n\t\t\t\t\t\tINICIO\t\t\t\t\t<\/span>\n\t\t\t\t\t\t\t<\/div>\n\n\t\t\t\n\t\t\t\t\t\t\t<span class=\"premium-button-style6-bg\"><\/span>\n\t\t\t\n\t\t\t\n\t\t<\/a>\n\n\n\t\t\t\t\t\t<\/div>\n\t\t\t\t<\/div>\n\t\t\t\t\t<\/div>\n\t\t<\/div>\n\t\t\t\t\t<\/div>\n\t\t<\/section>\n\t\t\t\t<section class=\"elementor-section elementor-top-section elementor-element elementor-element-1c1720b0 elementor-section-boxed elementor-section-height-default elementor-section-height-default\" data-id=\"1c1720b0\" data-element_type=\"section\" data-e-type=\"section\">\n\t\t\t\t\t\t<div class=\"elementor-container elementor-column-gap-default\">\n\t\t\t\t\t<div class=\"elementor-column elementor-col-50 elementor-top-column elementor-element elementor-element-738edbc0\" data-id=\"738edbc0\" data-element_type=\"column\" data-e-type=\"column\">\n\t\t\t<div class=\"elementor-widget-wrap elementor-element-populated\">\n\t\t\t\t\t\t<div class=\"elementor-element elementor-element-6133db59 elementor-widget elementor-widget-elementskit-heading\" data-id=\"6133db59\" data-element_type=\"widget\" data-e-type=\"widget\" data-widget_type=\"elementskit-heading.default\">\n\t\t\t\t<div class=\"elementor-widget-container\">\n\t\t\t\t\t<div class=\"ekit-wid-con\" ><div class=\"ekit-heading elementskit-section-title-wraper text_left   ekit_heading_tablet-   ekit_heading_mobile-\"><h2 class=\"ekit-heading--title elementskit-section-title \">Informaci\u00f3n de Contacto<\/h2><\/div><\/div>\t\t\t\t<\/div>\n\t\t\t\t<\/div>\n\t\t\t\t<div class=\"elementor-element elementor-element-523e0f43 elementor-widget elementor-widget-text-editor\" data-id=\"523e0f43\" data-element_type=\"widget\" data-e-type=\"widget\" data-widget_type=\"text-editor.default\">\n\t\t\t\t<div class=\"elementor-widget-container\">\n\t\t\t\t\t\t\t\t\t<p data-start=\"84\" data-end=\"362\">Estaremos encantados de atenderte, escuchar tu caso y ofrecerte una primera orientaci\u00f3n sin compromiso. En GLL Abogados, la atenci\u00f3n personalizada y la confianza son nuestra prioridad desde el primer momento.<\/p>\t\t\t\t\t\t\t\t<\/div>\n\t\t\t\t<\/div>\n\t\t\t\t<div class=\"elementor-element elementor-element-30a829c3 elementor-widget elementor-widget-elementskit-heading\" data-id=\"30a829c3\" data-element_type=\"widget\" data-e-type=\"widget\" data-widget_type=\"elementskit-heading.default\">\n\t\t\t\t<div class=\"elementor-widget-container\">\n\t\t\t\t\t<div class=\"ekit-wid-con\" ><div class=\"ekit-heading elementskit-section-title-wraper text_left   ekit_heading_tablet-   ekit_heading_mobile-\"><div class=\"elementskit-section-subtitle  elementskit-style-border\">\n\t\t\t\t\t\tDirecci\u00f3n\n\t\t\t\t\t<\/div><div class=\"ekit-heading--title elementskit-section-title \">Avda. Calvo Sotelo n\u00ba 6-1 10600 Plasencia (C\u00e1ceres)<\/div><\/div><\/div>\t\t\t\t<\/div>\n\t\t\t\t<\/div>\n\t\t\t\t<div class=\"elementor-element elementor-element-7e08a2f7 elementor-widget elementor-widget-elementskit-heading\" data-id=\"7e08a2f7\" data-element_type=\"widget\" data-e-type=\"widget\" data-widget_type=\"elementskit-heading.default\">\n\t\t\t\t<div class=\"elementor-widget-container\">\n\t\t\t\t\t<div class=\"ekit-wid-con\" ><div class=\"ekit-heading elementskit-section-title-wraper text_left   ekit_heading_tablet-   ekit_heading_mobile-\"><div class=\"elementskit-section-subtitle  elementskit-style-border\">\n\t\t\t\t\t\tN\u00famero de Tel\u00e9fono\n\t\t\t\t\t<\/div><div class=\"ekit-heading--title elementskit-section-title \">927 41 68 68 , 927 41 73 76<\/div><\/div><\/div>\t\t\t\t<\/div>\n\t\t\t\t<\/div>\n\t\t\t\t<div class=\"elementor-element elementor-element-23871383 elementor-widget elementor-widget-elementskit-heading\" data-id=\"23871383\" data-element_type=\"widget\" data-e-type=\"widget\" data-widget_type=\"elementskit-heading.default\">\n\t\t\t\t<div class=\"elementor-widget-container\">\n\t\t\t\t\t<div class=\"ekit-wid-con\" ><div class=\"ekit-heading elementskit-section-title-wraper text_left   ekit_heading_tablet-   ekit_heading_mobile-\"><div class=\"elementskit-section-subtitle  elementskit-style-border\">\n\t\t\t\t\t\tE-Mail\n\t\t\t\t\t<\/div><div class=\"ekit-heading--title elementskit-section-title \">jesus_tobajas@icac.es, carmelagn@icac.es<\/div><\/div><\/div>\t\t\t\t<\/div>\n\t\t\t\t<\/div>\n\t\t\t\t<div class=\"elementor-element elementor-element-508b61f2 elementor-widget elementor-widget-elementskit-heading\" data-id=\"508b61f2\" data-element_type=\"widget\" data-e-type=\"widget\" data-widget_type=\"elementskit-heading.default\">\n\t\t\t\t<div class=\"elementor-widget-container\">\n\t\t\t\t\t<div class=\"ekit-wid-con\" ><div class=\"ekit-heading elementskit-section-title-wraper text_left   ekit_heading_tablet-   ekit_heading_mobile-\"><div class=\"elementskit-section-subtitle  elementskit-style-border\">\n\t\t\t\t\t\tHorario\n\t\t\t\t\t<\/div><div class=\"ekit-heading--title elementskit-section-title \">Lunes a Jueves 9:00 h a 14:00 h y de 17:30 h a 20:30 h Viernes de 9:00 h a 14:00 h<\/div><\/div><\/div>\t\t\t\t<\/div>\n\t\t\t\t<\/div>\n\t\t\t\t\t<\/div>\n\t\t<\/div>\n\t\t\t\t<div class=\"elementor-column elementor-col-50 elementor-top-column elementor-element elementor-element-5fd284b3\" data-id=\"5fd284b3\" data-element_type=\"column\" data-e-type=\"column\">\n\t\t\t<div class=\"elementor-widget-wrap elementor-element-populated\">\n\t\t\t\t\t\t<div class=\"elementor-element elementor-element-5a095dd3 elementor-widget elementor-widget-google_maps\" data-id=\"5a095dd3\" data-element_type=\"widget\" data-e-type=\"widget\" data-widget_type=\"google_maps.default\">\n\t\t\t\t<div class=\"elementor-widget-container\">\n\t\t\t\t\t\t\t<div class=\"elementor-custom-embed\">\n\t\t\t<iframe loading=\"lazy\"\n\t\t\t\t\tsrc=\"https:\/\/maps.google.com\/maps?q=c%2F%20Calvo%20Sotelo%20n%C2%BA%206-1%2010600%20Plasencia%20%28C%C3%A1ceres%29&#038;t=m&#038;z=14&#038;output=embed&#038;iwloc=near\"\n\t\t\t\t\ttitle=\"c\/ Calvo Sotelo n\u00ba 6-1 10600 Plasencia (C\u00e1ceres)\"\n\t\t\t\t\taria-label=\"c\/ Calvo Sotelo n\u00ba 6-1 10600 Plasencia (C\u00e1ceres)\"\n\t\t\t><\/iframe>\n\t\t<\/div>\n\t\t\t\t\t\t<\/div>\n\t\t\t\t<\/div>\n\t\t\t\t\t<\/div>\n\t\t<\/div>\n\t\t\t\t\t<\/div>\n\t\t<\/section>\n\t\t\t\t<section class=\"elementor-section elementor-top-section elementor-element elementor-element-3ff62d8 elementor-section-boxed elementor-section-height-default elementor-section-height-default\" data-id=\"3ff62d8\" data-element_type=\"section\" data-e-type=\"section\">\n\t\t\t\t\t\t<div class=\"elementor-container elementor-column-gap-default\">\n\t\t\t\t\t<div class=\"elementor-column elementor-col-50 elementor-top-column elementor-element elementor-element-d424a12\" data-id=\"d424a12\" data-element_type=\"column\" data-e-type=\"column\">\n\t\t\t<div class=\"elementor-widget-wrap elementor-element-populated\">\n\t\t\t\t\t\t<div class=\"elementor-element elementor-element-dabfce6 elementor-widget elementor-widget-elementskit-heading\" data-id=\"dabfce6\" data-element_type=\"widget\" data-e-type=\"widget\" data-widget_type=\"elementskit-heading.default\">\n\t\t\t\t<div class=\"elementor-widget-container\">\n\t\t\t\t\t<div class=\"ekit-wid-con\" ><div class=\"ekit-heading elementskit-section-title-wraper text_left   ekit_heading_tablet-   ekit_heading_mobile-\"><div class=\"elementskit-section-subtitle  elementskit-style-border\">\n\t\t\t\t\t\tCONTACTO\n\t\t\t\t\t<\/div><h2 class=\"ekit-heading--title elementskit-section-title \">Resolvemos <br> Tus Problemas<\/h2><\/div><\/div>\t\t\t\t<\/div>\n\t\t\t\t<\/div>\n\t\t\t\t<div class=\"elementor-element elementor-element-12f15a3 elementor-widget elementor-widget-text-editor\" data-id=\"12f15a3\" data-element_type=\"widget\" data-e-type=\"widget\" data-widget_type=\"text-editor.default\">\n\t\t\t\t<div class=\"elementor-widget-container\">\n\t\t\t\t\t\t\t\t\t<p>Sabemos que el mundo legal puede parecer complejo, por eso estamos aqu\u00ed para aclararte cada paso. Nuestro equipo te explicar\u00e1 todo de forma clara, sencilla y con total transparencia. Pregunta sin miedo: estamos para ayudarte.<\/p>\t\t\t\t\t\t\t\t<\/div>\n\t\t\t\t<\/div>\n\t\t\t\t\t<\/div>\n\t\t<\/div>\n\t\t\t\t<div class=\"elementor-column elementor-col-50 elementor-top-column elementor-element elementor-element-e77d405\" data-id=\"e77d405\" data-element_type=\"column\" data-e-type=\"column\">\n\t\t\t<div class=\"elementor-widget-wrap elementor-element-populated\">\n\t\t\t\t\t<div class=\"elementor-background-overlay\"><\/div>\n\t\t\t\t\t\t<div class=\"elementor-element elementor-element-85d0ace elementor-button-align-start elementor-widget elementor-widget-form\" data-id=\"85d0ace\" data-element_type=\"widget\" data-e-type=\"widget\" data-settings=\"{&quot;step_next_label&quot;:&quot;Next&quot;,&quot;step_previous_label&quot;:&quot;Previous&quot;,&quot;button_width&quot;:&quot;100&quot;,&quot;step_type&quot;:&quot;number_text&quot;,&quot;step_icon_shape&quot;:&quot;circle&quot;}\" data-widget_type=\"form.default\">\n\t\t\t\t<div class=\"elementor-widget-container\">\n\t\t\t\t\t\t\t<form class=\"elementor-form\" method=\"post\" name=\"New Form\" aria-label=\"New Form\">\n\t\t\t<input type=\"hidden\" name=\"post_id\" value=\"18\"\/>\n\t\t\t<input type=\"hidden\" name=\"form_id\" value=\"85d0ace\"\/>\n\t\t\t<input type=\"hidden\" name=\"referer_title\" value=\"Contacto | Gonz\u00e1lez Llano Abogados\" \/>\n\n\t\t\t\t\t\t\t<input type=\"hidden\" name=\"queried_id\" value=\"18\"\/>\n\t\t\t\n\t\t\t<div class=\"elementor-form-fields-wrapper elementor-labels-above\">\n\t\t\t\t\t\t\t\t<div class=\"elementor-field-type-text elementor-field-group elementor-column elementor-field-group-name elementor-col-50\">\n\t\t\t\t\t\t\t\t\t\t\t\t<label for=\"form-field-name\" class=\"elementor-field-label\">\n\t\t\t\t\t\t\t\tNombre\t\t\t\t\t\t\t<\/label>\n\t\t\t\t\t\t\t\t\t\t\t\t\t\t<input size=\"1\" type=\"text\" name=\"form_fields[name]\" id=\"form-field-name\" class=\"elementor-field elementor-size-sm  elementor-field-textual\" placeholder=\"Tu Nombre\">\n\t\t\t\t\t\t\t\t\t\t\t<\/div>\n\t\t\t\t\t\t\t\t<div class=\"elementor-field-type-email elementor-field-group elementor-column elementor-field-group-email elementor-col-50 elementor-field-required\">\n\t\t\t\t\t\t\t\t\t\t\t\t<label for=\"form-field-email\" class=\"elementor-field-label\">\n\t\t\t\t\t\t\t\tE-Mail\t\t\t\t\t\t\t<\/label>\n\t\t\t\t\t\t\t\t\t\t\t\t\t\t<input size=\"1\" type=\"email\" name=\"form_fields[email]\" id=\"form-field-email\" class=\"elementor-field elementor-size-sm  elementor-field-textual\" placeholder=\"Tu E-Mail\" required=\"required\">\n\t\t\t\t\t\t\t\t\t\t\t<\/div>\n\t\t\t\t\t\t\t\t<div class=\"elementor-field-type-textarea elementor-field-group elementor-column elementor-field-group-message elementor-col-100\">\n\t\t\t\t\t\t\t\t\t\t\t\t<label for=\"form-field-message\" class=\"elementor-field-label\">\n\t\t\t\t\t\t\t\tTu Consulta\t\t\t\t\t\t\t<\/label>\n\t\t\t\t\t\t<textarea class=\"elementor-field-textual elementor-field  elementor-size-sm\" name=\"form_fields[message]\" id=\"form-field-message\" rows=\"4\" placeholder=\"Escribe tu consulta\"><\/textarea>\t\t\t\t<\/div>\n\t\t\t\t\t\t\t\t<div class=\"elementor-field-type-recaptcha elementor-field-group elementor-column elementor-field-group-field_59b94fd elementor-col-100\">\n\t\t\t\t\t<div class=\"elementor-field\" id=\"form-field-field_59b94fd\"><div class=\"elementor-g-recaptcha\" data-sitekey=\"6LdifGIrAAAAADKt1ZuFgVgEoK-zSD6NB70_5cmN\" data-type=\"v2_checkbox\" data-theme=\"light\" data-size=\"normal\"><\/div><\/div>\t\t\t\t<\/div>\n\t\t\t\t\t\t\t\t<div class=\"elementor-field-type-acceptance elementor-field-group elementor-column elementor-field-group-field_5354c6f elementor-col-100 elementor-field-required\">\n\t\t\t\t\t\t\t<div class=\"elementor-field-subgroup\">\n\t\t\t<span class=\"elementor-field-option\">\n\t\t\t\t<input type=\"checkbox\" name=\"form_fields[field_5354c6f]\" id=\"form-field-field_5354c6f\" class=\"elementor-field elementor-size-sm  elementor-acceptance-field\" required=\"required\">\n\t\t\t\t<label for=\"form-field-field_5354c6f\">Acepto la  <a rel=\"nofollow\" target=\"_blank\" href=\"https:\/\/gonzalezllanoabogados.es\/index.php\/politica-de-privacidad\/\">Pol\u00edtica de Privacidad<\/a> <\/label>\t\t\t<\/span>\n\t\t<\/div>\n\t\t\t\t\t\t<\/div>\n\t\t\t\t\t\t\t\t<div class=\"elementor-field-group elementor-column elementor-field-type-submit elementor-col-100 e-form__buttons\">\n\t\t\t\t\t<button class=\"elementor-button elementor-size-sm\" type=\"submit\">\n\t\t\t\t\t\t<span class=\"elementor-button-content-wrapper\">\n\t\t\t\t\t\t\t\t\t\t\t\t\t\t\t\t\t\t\t\t\t\t<span class=\"elementor-button-text\">ENVIAR<\/span>\n\t\t\t\t\t\t\t\t\t\t\t\t\t<\/span>\n\t\t\t\t\t<\/button>\n\t\t\t\t<\/div>\n\t\t\t<\/div>\n\t\t<\/form>\n\t\t\t\t\t\t<\/div>\n\t\t\t\t<\/div>\n\t\t\t\t\t<\/div>\n\t\t<\/div>\n\t\t\t\t\t<\/div>\n\t\t<\/section>\n\t\t\t\t<\/div>\n\t\t","protected":false},"excerpt":{"rendered":"<p>Contacto No dudes en ponerte en contacto con nosotros para cualquier duda o conflicto legal.\u00a0 INICIO Informaci\u00f3n de Contacto Estaremos encantados de atenderte, escuchar tu caso y ofrecerte una primera orientaci\u00f3n sin compromiso. En GLL Abogados, la atenci\u00f3n personalizada y la confianza son nuestra prioridad desde el primer momento. Direcci\u00f3n Avda. Calvo Sotelo n\u00ba 6-1 [&hellip;]<\/p>\n","protected":false},"author":1,"featured_media":170,"parent":0,"menu_order":0,"comment_status":"closed","ping_status":"closed","template":"","meta":{"footnotes":""},"class_list":["post-18","page","type-page","status-publish","has-post-thumbnail","hentry"],"yoast_head":"<!-- This site is optimized with the Yoast SEO plugin v27.4 - https:\/\/yoast.com\/product\/yoast-seo-wordpress\/ -->\n<title>Contacto | Gonz\u00e1lez Llano Abogados<\/title>\n<meta name=\"description\" content=\"Contacta con nuestro despacho de abogados en Palencia. En GLL Abogados te ofrecemos atenci\u00f3n cercana, asesoramiento jur\u00eddico.\" \/>\n<meta name=\"robots\" content=\"index, follow, max-snippet:-1, max-image-preview:large, max-video-preview:-1\" \/>\n<link rel=\"canonical\" href=\"https:\/\/gonzalezllanoabogados.es\/index.php\/contacto\/\" \/>\n<meta property=\"og:locale\" content=\"es_ES\" \/>\n<meta property=\"og:type\" content=\"article\" \/>\n<meta property=\"og:title\" content=\"Contacto | Gonz\u00e1lez Llano Abogados\" \/>\n<meta property=\"og:description\" content=\"Contacta con nuestro despacho de abogados en Palencia. En GLL Abogados te ofrecemos atenci\u00f3n cercana, asesoramiento jur\u00eddico.\" \/>\n<meta property=\"og:url\" content=\"https:\/\/gonzalezllanoabogados.es\/index.php\/contacto\/\" \/>\n<meta property=\"og:site_name\" content=\"Gonz\u00e1lez Llano Abogados\" \/>\n<meta property=\"article:modified_time\" content=\"2025-06-16T08:53:51+00:00\" \/>\n<meta property=\"og:image\" content=\"https:\/\/gonzalezllanoabogados.es\/wp-content\/uploads\/2025\/05\/img8.jpg\" \/>\n\t<meta property=\"og:image:width\" content=\"1700\" \/>\n\t<meta property=\"og:image:height\" content=\"1089\" \/>\n\t<meta property=\"og:image:type\" content=\"image\/jpeg\" \/>\n<meta name=\"twitter:card\" content=\"summary_large_image\" \/>\n<meta name=\"twitter:label1\" content=\"Tiempo de lectura\" \/>\n\t<meta name=\"twitter:data1\" content=\"1 minuto\" \/>\n<script type=\"application\/ld+json\" class=\"yoast-schema-graph\">{\"@context\":\"https:\\\/\\\/schema.org\",\"@graph\":[{\"@type\":\"WebPage\",\"@id\":\"https:\\\/\\\/gonzalezllanoabogados.es\\\/index.php\\\/contacto\\\/\",\"url\":\"https:\\\/\\\/gonzalezllanoabogados.es\\\/index.php\\\/contacto\\\/\",\"name\":\"Contacto | Gonz\u00e1lez Llano Abogados\",\"isPartOf\":{\"@id\":\"https:\\\/\\\/gonzalezllanoabogados.es\\\/#website\"},\"primaryImageOfPage\":{\"@id\":\"https:\\\/\\\/gonzalezllanoabogados.es\\\/index.php\\\/contacto\\\/#primaryimage\"},\"image\":{\"@id\":\"https:\\\/\\\/gonzalezllanoabogados.es\\\/index.php\\\/contacto\\\/#primaryimage\"},\"thumbnailUrl\":\"https:\\\/\\\/gonzalezllanoabogados.es\\\/wp-content\\\/uploads\\\/2025\\\/05\\\/img8.jpg\",\"datePublished\":\"2025-05-20T07:42:06+00:00\",\"dateModified\":\"2025-06-16T08:53:51+00:00\",\"description\":\"Contacta con nuestro despacho de abogados en Palencia. En GLL Abogados te ofrecemos atenci\u00f3n cercana, asesoramiento jur\u00eddico.\",\"breadcrumb\":{\"@id\":\"https:\\\/\\\/gonzalezllanoabogados.es\\\/index.php\\\/contacto\\\/#breadcrumb\"},\"inLanguage\":\"es\",\"potentialAction\":[{\"@type\":\"ReadAction\",\"target\":[\"https:\\\/\\\/gonzalezllanoabogados.es\\\/index.php\\\/contacto\\\/\"]}]},{\"@type\":\"ImageObject\",\"inLanguage\":\"es\",\"@id\":\"https:\\\/\\\/gonzalezllanoabogados.es\\\/index.php\\\/contacto\\\/#primaryimage\",\"url\":\"https:\\\/\\\/gonzalezllanoabogados.es\\\/wp-content\\\/uploads\\\/2025\\\/05\\\/img8.jpg\",\"contentUrl\":\"https:\\\/\\\/gonzalezllanoabogados.es\\\/wp-content\\\/uploads\\\/2025\\\/05\\\/img8.jpg\",\"width\":1700,\"height\":1089,\"caption\":\"Gonz\u00e1lez Llano Abogados\"},{\"@type\":\"BreadcrumbList\",\"@id\":\"https:\\\/\\\/gonzalezllanoabogados.es\\\/index.php\\\/contacto\\\/#breadcrumb\",\"itemListElement\":[{\"@type\":\"ListItem\",\"position\":1,\"name\":\"Portada\",\"item\":\"https:\\\/\\\/gonzalezllanoabogados.es\\\/\"},{\"@type\":\"ListItem\",\"position\":2,\"name\":\"Contacto\"}]},{\"@type\":\"WebSite\",\"@id\":\"https:\\\/\\\/gonzalezllanoabogados.es\\\/#website\",\"url\":\"https:\\\/\\\/gonzalezllanoabogados.es\\\/\",\"name\":\"Gonz\u00e1lez Llano Abogados\",\"description\":\"\",\"publisher\":{\"@id\":\"https:\\\/\\\/gonzalezllanoabogados.es\\\/#organization\"},\"potentialAction\":[{\"@type\":\"SearchAction\",\"target\":{\"@type\":\"EntryPoint\",\"urlTemplate\":\"https:\\\/\\\/gonzalezllanoabogados.es\\\/?s={search_term_string}\"},\"query-input\":{\"@type\":\"PropertyValueSpecification\",\"valueRequired\":true,\"valueName\":\"search_term_string\"}}],\"inLanguage\":\"es\"},{\"@type\":\"Organization\",\"@id\":\"https:\\\/\\\/gonzalezllanoabogados.es\\\/#organization\",\"name\":\"Gonz\u00e1lez Llano Abogados\",\"url\":\"https:\\\/\\\/gonzalezllanoabogados.es\\\/\",\"logo\":{\"@type\":\"ImageObject\",\"inLanguage\":\"es\",\"@id\":\"https:\\\/\\\/gonzalezllanoabogados.es\\\/#\\\/schema\\\/logo\\\/image\\\/\",\"url\":\"https:\\\/\\\/gonzalezllanoabogados.es\\\/wp-content\\\/uploads\\\/2025\\\/05\\\/gll-abogados-1.png\",\"contentUrl\":\"https:\\\/\\\/gonzalezllanoabogados.es\\\/wp-content\\\/uploads\\\/2025\\\/05\\\/gll-abogados-1.png\",\"width\":500,\"height\":500,\"caption\":\"Gonz\u00e1lez Llano Abogados\"},\"image\":{\"@id\":\"https:\\\/\\\/gonzalezllanoabogados.es\\\/#\\\/schema\\\/logo\\\/image\\\/\"}}]}<\/script>\n<!-- \/ Yoast SEO plugin. -->","yoast_head_json":{"title":"Contacto | Gonz\u00e1lez Llano Abogados","description":"Contacta con nuestro despacho de abogados en Palencia. En GLL Abogados te ofrecemos atenci\u00f3n cercana, asesoramiento jur\u00eddico.","robots":{"index":"index","follow":"follow","max-snippet":"max-snippet:-1","max-image-preview":"max-image-preview:large","max-video-preview":"max-video-preview:-1"},"canonical":"https:\/\/gonzalezllanoabogados.es\/index.php\/contacto\/","og_locale":"es_ES","og_type":"article","og_title":"Contacto | Gonz\u00e1lez Llano Abogados","og_description":"Contacta con nuestro despacho de abogados en Palencia. En GLL Abogados te ofrecemos atenci\u00f3n cercana, asesoramiento jur\u00eddico.","og_url":"https:\/\/gonzalezllanoabogados.es\/index.php\/contacto\/","og_site_name":"Gonz\u00e1lez Llano Abogados","article_modified_time":"2025-06-16T08:53:51+00:00","og_image":[{"width":1700,"height":1089,"url":"https:\/\/gonzalezllanoabogados.es\/wp-content\/uploads\/2025\/05\/img8.jpg","type":"image\/jpeg"}],"twitter_card":"summary_large_image","twitter_misc":{"Tiempo de lectura":"1 minuto"},"schema":{"@context":"https:\/\/schema.org","@graph":[{"@type":"WebPage","@id":"https:\/\/gonzalezllanoabogados.es\/index.php\/contacto\/","url":"https:\/\/gonzalezllanoabogados.es\/index.php\/contacto\/","name":"Contacto | Gonz\u00e1lez Llano Abogados","isPartOf":{"@id":"https:\/\/gonzalezllanoabogados.es\/#website"},"primaryImageOfPage":{"@id":"https:\/\/gonzalezllanoabogados.es\/index.php\/contacto\/#primaryimage"},"image":{"@id":"https:\/\/gonzalezllanoabogados.es\/index.php\/contacto\/#primaryimage"},"thumbnailUrl":"https:\/\/gonzalezllanoabogados.es\/wp-content\/uploads\/2025\/05\/img8.jpg","datePublished":"2025-05-20T07:42:06+00:00","dateModified":"2025-06-16T08:53:51+00:00","description":"Contacta con nuestro despacho de abogados en Palencia. En GLL Abogados te ofrecemos atenci\u00f3n cercana, asesoramiento jur\u00eddico.","breadcrumb":{"@id":"https:\/\/gonzalezllanoabogados.es\/index.php\/contacto\/#breadcrumb"},"inLanguage":"es","potentialAction":[{"@type":"ReadAction","target":["https:\/\/gonzalezllanoabogados.es\/index.php\/contacto\/"]}]},{"@type":"ImageObject","inLanguage":"es","@id":"https:\/\/gonzalezllanoabogados.es\/index.php\/contacto\/#primaryimage","url":"https:\/\/gonzalezllanoabogados.es\/wp-content\/uploads\/2025\/05\/img8.jpg","contentUrl":"https:\/\/gonzalezllanoabogados.es\/wp-content\/uploads\/2025\/05\/img8.jpg","width":1700,"height":1089,"caption":"Gonz\u00e1lez Llano Abogados"},{"@type":"BreadcrumbList","@id":"https:\/\/gonzalezllanoabogados.es\/index.php\/contacto\/#breadcrumb","itemListElement":[{"@type":"ListItem","position":1,"name":"Portada","item":"https:\/\/gonzalezllanoabogados.es\/"},{"@type":"ListItem","position":2,"name":"Contacto"}]},{"@type":"WebSite","@id":"https:\/\/gonzalezllanoabogados.es\/#website","url":"https:\/\/gonzalezllanoabogados.es\/","name":"Gonz\u00e1lez Llano Abogados","description":"","publisher":{"@id":"https:\/\/gonzalezllanoabogados.es\/#organization"},"potentialAction":[{"@type":"SearchAction","target":{"@type":"EntryPoint","urlTemplate":"https:\/\/gonzalezllanoabogados.es\/?s={search_term_string}"},"query-input":{"@type":"PropertyValueSpecification","valueRequired":true,"valueName":"search_term_string"}}],"inLanguage":"es"},{"@type":"Organization","@id":"https:\/\/gonzalezllanoabogados.es\/#organization","name":"Gonz\u00e1lez Llano Abogados","url":"https:\/\/gonzalezllanoabogados.es\/","logo":{"@type":"ImageObject","inLanguage":"es","@id":"https:\/\/gonzalezllanoabogados.es\/#\/schema\/logo\/image\/","url":"https:\/\/gonzalezllanoabogados.es\/wp-content\/uploads\/2025\/05\/gll-abogados-1.png","contentUrl":"https:\/\/gonzalezllanoabogados.es\/wp-content\/uploads\/2025\/05\/gll-abogados-1.png","width":500,"height":500,"caption":"Gonz\u00e1lez Llano Abogados"},"image":{"@id":"https:\/\/gonzalezllanoabogados.es\/#\/schema\/logo\/image\/"}}]}},"_links":{"self":[{"href":"https:\/\/gonzalezllanoabogados.es\/index.php\/wp-json\/wp\/v2\/pages\/18","targetHints":{"allow":["GET"]}}],"collection":[{"href":"https:\/\/gonzalezllanoabogados.es\/index.php\/wp-json\/wp\/v2\/pages"}],"about":[{"href":"https:\/\/gonzalezllanoabogados.es\/index.php\/wp-json\/wp\/v2\/types\/page"}],"author":[{"embeddable":true,"href":"https:\/\/gonzalezllanoabogados.es\/index.php\/wp-json\/wp\/v2\/users\/1"}],"replies":[{"embeddable":true,"href":"https:\/\/gonzalezllanoabogados.es\/index.php\/wp-json\/wp\/v2\/comments?post=18"}],"version-history":[{"count":49,"href":"https:\/\/gonzalezllanoabogados.es\/index.php\/wp-json\/wp\/v2\/pages\/18\/revisions"}],"predecessor-version":[{"id":438,"href":"https:\/\/gonzalezllanoabogados.es\/index.php\/wp-json\/wp\/v2\/pages\/18\/revisions\/438"}],"wp:featuredmedia":[{"embeddable":true,"href":"https:\/\/gonzalezllanoabogados.es\/index.php\/wp-json\/wp\/v2\/media\/170"}],"wp:attachment":[{"href":"https:\/\/gonzalezllanoabogados.es\/index.php\/wp-json\/wp\/v2\/media?parent=18"}],"curies":[{"name":"wp","href":"https:\/\/api.w.org\/{rel}","templated":true}]}}